{"id":3258,"date":"2025-04-25T12:51:27","date_gmt":"2025-04-25T12:51:27","guid":{"rendered":"https:\/\/tippspiel-fuer-unternehmen.com\/produkt\/copper\/"},"modified":"2026-02-09T07:38:52","modified_gmt":"2026-02-09T07:38:52","slug":"copper","status":"publish","type":"product","link":"https:\/\/shop-staging.tippspiel-fuer-unternehmen.com\/en\/shop-overview\/copper\/","title":{"rendered":"Copper"},"content":{"rendered":"<p><strong style=\"font-size: 28px;\">Package Features:<\/strong><\/p>\n<ul class=\"elementor-price-table__features-list\">\n<li class=\"elementor-repeater-item-e984239\">\n<div class=\"elementor-price-table__feature-inner\">\n<section class=\"elementor-repeater-item-9aa8ed5 wpr-pricing-table-item wpr-pricing-table-feature\">\n<div class=\"wpr-pricing-table-feature-inner\"><span class=\"wpr-pricing-table-feature-text wpr-pricing-table-ftext-line-\">Automatic account setup via form<\/span><\/div>\n<\/section>\n<\/div>\n<\/li>\n<li class=\"elementor-repeater-item-e984239\">\n<div class=\"elementor-price-table__feature-inner\"><span class=\"wpr-pricing-table-feature-text wpr-pricing-table-ftext-line-\">User interface optimized for desktop, tablet, and smartphone<\/span><\/div>\n<\/li>\n<li class=\"elementor-repeater-item-e984239\">\n<div class=\"elementor-price-table__feature-inner\"><span style=\"font-family: -apple-system, BlinkMacSystemFont, 'Segoe UI', Roboto, 'Helvetica Neue', Arial, 'Noto Sans', sans-serif, 'Apple Color Emoji', 'Segoe UI Emoji', 'Segoe UI Symbol', 'Noto Color Emoji';\">Provided as a subdomain and iFrame<\/span><\/div>\n<\/li>\n<li class=\"elementor-repeater-item-e984239\">\n<div class=\"elementor-price-table__feature-inner\">closed or open group<\/div>\n<\/li>\n<li class=\"elementor-repeater-item-e984239\">\n<div class=\"elementor-price-table__feature-inner\">Custom Design<\/div>\n<\/li>\n<li class=\"elementor-repeater-item-e984239\">\n<div class=\"elementor-price-table__feature-inner\">Support via Customer Service Tool<\/div>\n<\/li>\n<li class=\"elementor-repeater-item-e984239\">\n<div class=\"elementor-price-table__feature-inner\">Protection against fake registrations with Captcha<\/div>\n<\/li>\n<li class=\"elementor-repeater-item-e984239\">\n<div class=\"elementor-price-table__feature-inner\">QR Code for Prediction Game to Share Participation Link<\/div>\n<\/li>\n<li class=\"elementor-repeater-item-e984239\">\n<div class=\"elementor-price-table__feature-inner\">Languages: DE, EN<\/div>\n<\/li>\n<li class=\"elementor-repeater-item-e984239\">\n<div class=\"elementor-price-table__feature-inner\">up to 50 participants<\/div>\n<\/li>\n<\/ul>\n<div class=\"elementor-price-table__feature-inner\"><\/div>\n","protected":false},"excerpt":{"rendered":"<p>Prediction game for companies Copper package<\/p>\n","protected":false},"featured_media":4714,"template":"","meta":{"_acf_changed":false},"product_brand":[],"product_cat":[158],"product_tag":[],"class_list":{"0":"post-3258","1":"product","2":"type-product","3":"status-publish","4":"has-post-thumbnail","6":"product_cat-prediction-game-for-employees-and-business-partners","8":"first","9":"instock","10":"virtual","11":"sold-individually","12":"taxable","13":"purchasable","14":"product-type-simple"},"acf":[],"yoast_head":"<!-- This site is optimized with the Yoast SEO Premium plugin v27.1 (Yoast SEO v27.3) - https:\/\/yoast.com\/product\/yoast-seo-premium-wordpress\/ -->\n<title>Copper - Tippspiel f\u00fcr Unternehmen<\/title>\n<meta name=\"description\" content=\"Funktionsumfang des Paketes:automatische Account Einrichtung \u00fcber FormularBenutzeroberfl\u00e4che optimiert f\u00fcr Desktop, Tablet und Smartphone..\" \/>\n<meta name=\"robots\" content=\"noindex, follow, max-snippet:-1, max-image-preview:large, max-video-preview:-1\" \/>\n<meta property=\"og:locale\" content=\"en_US\" \/>\n<meta property=\"og:type\" content=\"article\" \/>\n<meta property=\"og:title\" content=\"Copper\" \/>\n<meta property=\"og:description\" content=\"Funktionsumfang des Paketes:automatische Account Einrichtung \u00fcber FormularBenutzeroberfl\u00e4che optimiert f\u00fcr Desktop, Tablet und Smartphone..\" \/>\n<meta property=\"og:url\" content=\"https:\/\/shop-staging.tippspiel-fuer-unternehmen.com\/en\/shop-overview\/copper\/\" \/>\n<meta property=\"og:site_name\" content=\"Tippspiel f\u00fcr Unternehmen\" \/>\n<meta property=\"article:modified_time\" content=\"2026-02-09T07:38:52+00:00\" \/>\n<meta property=\"og:image\" content=\"https:\/\/shop-staging.tippspiel-fuer-unternehmen.com\/wp-content\/uploads\/2026\/01\/Produktbild_Silver@1x.jpg\" \/>\n\t<meta property=\"og:image:width\" content=\"1000\" \/>\n\t<meta property=\"og:image:height\" content=\"1000\" \/>\n\t<meta property=\"og:image:type\" content=\"image\/jpeg\" \/>\n<meta name=\"twitter:card\" content=\"summary_large_image\" \/>\n<script type=\"application\/ld+json\" class=\"yoast-schema-graph\">{\"@context\":\"https:\\\/\\\/schema.org\",\"@graph\":[{\"@type\":\"WebPage\",\"@id\":\"https:\\\/\\\/shop-staging.tippspiel-fuer-unternehmen.com\\\/en\\\/shop-overview\\\/copper\\\/\",\"url\":\"https:\\\/\\\/shop-staging.tippspiel-fuer-unternehmen.com\\\/en\\\/shop-overview\\\/copper\\\/\",\"name\":\"Copper - Tippspiel f\u00fcr Unternehmen\",\"isPartOf\":{\"@id\":\"https:\\\/\\\/shop-staging.tippspiel-fuer-unternehmen.com\\\/#website\"},\"primaryImageOfPage\":{\"@id\":\"https:\\\/\\\/shop-staging.tippspiel-fuer-unternehmen.com\\\/en\\\/shop-overview\\\/copper\\\/#primaryimage\"},\"image\":{\"@id\":\"https:\\\/\\\/shop-staging.tippspiel-fuer-unternehmen.com\\\/en\\\/shop-overview\\\/copper\\\/#primaryimage\"},\"thumbnailUrl\":\"https:\\\/\\\/shop-staging.tippspiel-fuer-unternehmen.com\\\/wp-content\\\/uploads\\\/2026\\\/01\\\/Produktbild_Silver@1x.jpg\",\"datePublished\":\"2025-04-25T12:51:27+00:00\",\"dateModified\":\"2026-02-09T07:38:52+00:00\",\"description\":\"Funktionsumfang des Paketes:automatische Account Einrichtung \u00fcber FormularBenutzeroberfl\u00e4che optimiert f\u00fcr Desktop, Tablet und Smartphone..\",\"breadcrumb\":{\"@id\":\"https:\\\/\\\/shop-staging.tippspiel-fuer-unternehmen.com\\\/en\\\/shop-overview\\\/copper\\\/#breadcrumb\"},\"inLanguage\":\"en-US\",\"potentialAction\":[{\"@type\":\"ReadAction\",\"target\":[\"https:\\\/\\\/shop-staging.tippspiel-fuer-unternehmen.com\\\/en\\\/shop-overview\\\/copper\\\/\"]}]},{\"@type\":\"ImageObject\",\"inLanguage\":\"en-US\",\"@id\":\"https:\\\/\\\/shop-staging.tippspiel-fuer-unternehmen.com\\\/en\\\/shop-overview\\\/copper\\\/#primaryimage\",\"url\":\"https:\\\/\\\/shop-staging.tippspiel-fuer-unternehmen.com\\\/wp-content\\\/uploads\\\/2026\\\/01\\\/Produktbild_Silver@1x.jpg\",\"contentUrl\":\"https:\\\/\\\/shop-staging.tippspiel-fuer-unternehmen.com\\\/wp-content\\\/uploads\\\/2026\\\/01\\\/Produktbild_Silver@1x.jpg\",\"width\":1000,\"height\":1000,\"caption\":\"Produktbild Silver\"},{\"@type\":\"BreadcrumbList\",\"@id\":\"https:\\\/\\\/shop-staging.tippspiel-fuer-unternehmen.com\\\/en\\\/shop-overview\\\/copper\\\/#breadcrumb\",\"itemListElement\":[{\"@type\":\"ListItem\",\"position\":1,\"name\":\"Home\",\"item\":\"https:\\\/\\\/shop-staging.tippspiel-fuer-unternehmen.com\\\/en\\\/tippspiel-fuer-unternehmen-wm-2026\\\/\"},{\"@type\":\"ListItem\",\"position\":2,\"name\":\"Store Overview\",\"item\":\"https:\\\/\\\/shop-staging.tippspiel-fuer-unternehmen.com\\\/en\\\/?page_id=5092\"},{\"@type\":\"ListItem\",\"position\":3,\"name\":\"Copper\"}]},{\"@type\":\"WebSite\",\"@id\":\"https:\\\/\\\/shop-staging.tippspiel-fuer-unternehmen.com\\\/#website\",\"url\":\"https:\\\/\\\/shop-staging.tippspiel-fuer-unternehmen.com\\\/\",\"name\":\"Tippspiel f\u00fcr Unternehmen\",\"description\":\"\",\"publisher\":{\"@id\":\"https:\\\/\\\/shop-staging.tippspiel-fuer-unternehmen.com\\\/#organization\"},\"alternateName\":\"Unternehmens-Tippspiel\",\"potentialAction\":[{\"@type\":\"SearchAction\",\"target\":{\"@type\":\"EntryPoint\",\"urlTemplate\":\"https:\\\/\\\/shop-staging.tippspiel-fuer-unternehmen.com\\\/?s={search_term_string}\"},\"query-input\":{\"@type\":\"PropertyValueSpecification\",\"valueRequired\":true,\"valueName\":\"search_term_string\"}}],\"inLanguage\":\"en-US\"},{\"@type\":\"Organization\",\"@id\":\"https:\\\/\\\/shop-staging.tippspiel-fuer-unternehmen.com\\\/#organization\",\"name\":\"Tippspiel f\u00fcr Unternehmen\",\"url\":\"https:\\\/\\\/shop-staging.tippspiel-fuer-unternehmen.com\\\/\",\"logo\":{\"@type\":\"ImageObject\",\"inLanguage\":\"en-US\",\"@id\":\"https:\\\/\\\/shop-staging.tippspiel-fuer-unternehmen.com\\\/#\\\/schema\\\/logo\\\/image\\\/\",\"url\":\"https:\\\/\\\/shop-staging.tippspiel-fuer-unternehmen.com\\\/wp-content\\\/uploads\\\/2022\\\/08\\\/993167DA-79E2-4C48-8F02-C9498D0CD337_4_5005_c.jpeg\",\"contentUrl\":\"https:\\\/\\\/shop-staging.tippspiel-fuer-unternehmen.com\\\/wp-content\\\/uploads\\\/2022\\\/08\\\/993167DA-79E2-4C48-8F02-C9498D0CD337_4_5005_c.jpeg\",\"width\":82,\"height\":92,\"caption\":\"Tippspiel f\u00fcr Unternehmen\"},\"image\":{\"@id\":\"https:\\\/\\\/shop-staging.tippspiel-fuer-unternehmen.com\\\/#\\\/schema\\\/logo\\\/image\\\/\"}}]}<\/script>\n<!-- \/ Yoast SEO Premium plugin. -->","yoast_head_json":{"title":"Copper - Tippspiel f\u00fcr Unternehmen","description":"Funktionsumfang des Paketes:automatische Account Einrichtung \u00fcber FormularBenutzeroberfl\u00e4che optimiert f\u00fcr Desktop, Tablet und Smartphone..","robots":{"index":"noindex","follow":"follow","max-snippet":"max-snippet:-1","max-image-preview":"max-image-preview:large","max-video-preview":"max-video-preview:-1"},"og_locale":"en_US","og_type":"article","og_title":"Copper","og_description":"Funktionsumfang des Paketes:automatische Account Einrichtung \u00fcber FormularBenutzeroberfl\u00e4che optimiert f\u00fcr Desktop, Tablet und Smartphone..","og_url":"https:\/\/shop-staging.tippspiel-fuer-unternehmen.com\/en\/shop-overview\/copper\/","og_site_name":"Tippspiel f\u00fcr Unternehmen","article_modified_time":"2026-02-09T07:38:52+00:00","og_image":[{"width":1000,"height":1000,"url":"https:\/\/shop-staging.tippspiel-fuer-unternehmen.com\/wp-content\/uploads\/2026\/01\/Produktbild_Silver@1x.jpg","type":"image\/jpeg"}],"twitter_card":"summary_large_image","schema":{"@context":"https:\/\/schema.org","@graph":[{"@type":"WebPage","@id":"https:\/\/shop-staging.tippspiel-fuer-unternehmen.com\/en\/shop-overview\/copper\/","url":"https:\/\/shop-staging.tippspiel-fuer-unternehmen.com\/en\/shop-overview\/copper\/","name":"Copper - Tippspiel f\u00fcr Unternehmen","isPartOf":{"@id":"https:\/\/shop-staging.tippspiel-fuer-unternehmen.com\/#website"},"primaryImageOfPage":{"@id":"https:\/\/shop-staging.tippspiel-fuer-unternehmen.com\/en\/shop-overview\/copper\/#primaryimage"},"image":{"@id":"https:\/\/shop-staging.tippspiel-fuer-unternehmen.com\/en\/shop-overview\/copper\/#primaryimage"},"thumbnailUrl":"https:\/\/shop-staging.tippspiel-fuer-unternehmen.com\/wp-content\/uploads\/2026\/01\/Produktbild_Silver@1x.jpg","datePublished":"2025-04-25T12:51:27+00:00","dateModified":"2026-02-09T07:38:52+00:00","description":"Funktionsumfang des Paketes:automatische Account Einrichtung \u00fcber FormularBenutzeroberfl\u00e4che optimiert f\u00fcr Desktop, Tablet und Smartphone..","breadcrumb":{"@id":"https:\/\/shop-staging.tippspiel-fuer-unternehmen.com\/en\/shop-overview\/copper\/#breadcrumb"},"inLanguage":"en-US","potentialAction":[{"@type":"ReadAction","target":["https:\/\/shop-staging.tippspiel-fuer-unternehmen.com\/en\/shop-overview\/copper\/"]}]},{"@type":"ImageObject","inLanguage":"en-US","@id":"https:\/\/shop-staging.tippspiel-fuer-unternehmen.com\/en\/shop-overview\/copper\/#primaryimage","url":"https:\/\/shop-staging.tippspiel-fuer-unternehmen.com\/wp-content\/uploads\/2026\/01\/Produktbild_Silver@1x.jpg","contentUrl":"https:\/\/shop-staging.tippspiel-fuer-unternehmen.com\/wp-content\/uploads\/2026\/01\/Produktbild_Silver@1x.jpg","width":1000,"height":1000,"caption":"Produktbild Silver"},{"@type":"BreadcrumbList","@id":"https:\/\/shop-staging.tippspiel-fuer-unternehmen.com\/en\/shop-overview\/copper\/#breadcrumb","itemListElement":[{"@type":"ListItem","position":1,"name":"Home","item":"https:\/\/shop-staging.tippspiel-fuer-unternehmen.com\/en\/tippspiel-fuer-unternehmen-wm-2026\/"},{"@type":"ListItem","position":2,"name":"Store Overview","item":"https:\/\/shop-staging.tippspiel-fuer-unternehmen.com\/en\/?page_id=5092"},{"@type":"ListItem","position":3,"name":"Copper"}]},{"@type":"WebSite","@id":"https:\/\/shop-staging.tippspiel-fuer-unternehmen.com\/#website","url":"https:\/\/shop-staging.tippspiel-fuer-unternehmen.com\/","name":"Tippspiel f\u00fcr Unternehmen","description":"","publisher":{"@id":"https:\/\/shop-staging.tippspiel-fuer-unternehmen.com\/#organization"},"alternateName":"Unternehmens-Tippspiel","potentialAction":[{"@type":"SearchAction","target":{"@type":"EntryPoint","urlTemplate":"https:\/\/shop-staging.tippspiel-fuer-unternehmen.com\/?s={search_term_string}"},"query-input":{"@type":"PropertyValueSpecification","valueRequired":true,"valueName":"search_term_string"}}],"inLanguage":"en-US"},{"@type":"Organization","@id":"https:\/\/shop-staging.tippspiel-fuer-unternehmen.com\/#organization","name":"Tippspiel f\u00fcr Unternehmen","url":"https:\/\/shop-staging.tippspiel-fuer-unternehmen.com\/","logo":{"@type":"ImageObject","inLanguage":"en-US","@id":"https:\/\/shop-staging.tippspiel-fuer-unternehmen.com\/#\/schema\/logo\/image\/","url":"https:\/\/shop-staging.tippspiel-fuer-unternehmen.com\/wp-content\/uploads\/2022\/08\/993167DA-79E2-4C48-8F02-C9498D0CD337_4_5005_c.jpeg","contentUrl":"https:\/\/shop-staging.tippspiel-fuer-unternehmen.com\/wp-content\/uploads\/2022\/08\/993167DA-79E2-4C48-8F02-C9498D0CD337_4_5005_c.jpeg","width":82,"height":92,"caption":"Tippspiel f\u00fcr Unternehmen"},"image":{"@id":"https:\/\/shop-staging.tippspiel-fuer-unternehmen.com\/#\/schema\/logo\/image\/"}}]}},"_links":{"self":[{"href":"https:\/\/shop-staging.tippspiel-fuer-unternehmen.com\/en\/wp-json\/wp\/v2\/product\/3258","targetHints":{"allow":["GET"]}}],"collection":[{"href":"https:\/\/shop-staging.tippspiel-fuer-unternehmen.com\/en\/wp-json\/wp\/v2\/product"}],"about":[{"href":"https:\/\/shop-staging.tippspiel-fuer-unternehmen.com\/en\/wp-json\/wp\/v2\/types\/product"}],"wp:featuredmedia":[{"embeddable":true,"href":"https:\/\/shop-staging.tippspiel-fuer-unternehmen.com\/en\/wp-json\/wp\/v2\/media\/4714"}],"wp:attachment":[{"href":"https:\/\/shop-staging.tippspiel-fuer-unternehmen.com\/en\/wp-json\/wp\/v2\/media?parent=3258"}],"wp:term":[{"taxonomy":"product_brand","embeddable":true,"href":"https:\/\/shop-staging.tippspiel-fuer-unternehmen.com\/en\/wp-json\/wp\/v2\/product_brand?post=3258"},{"taxonomy":"product_cat","embeddable":true,"href":"https:\/\/shop-staging.tippspiel-fuer-unternehmen.com\/en\/wp-json\/wp\/v2\/product_cat?post=3258"},{"taxonomy":"product_tag","embeddable":true,"href":"https:\/\/shop-staging.tippspiel-fuer-unternehmen.com\/en\/wp-json\/wp\/v2\/product_tag?post=3258"}],"curies":[{"name":"wp","href":"https:\/\/api.w.org\/{rel}","templated":true}]}}