{"id":4098,"date":"2025-12-12T12:18:57","date_gmt":"2025-12-12T12:18:57","guid":{"rendered":"https:\/\/tippspiel-fuer-unternehmen.com\/?post_type=product&#038;p=4098"},"modified":"2026-02-09T07:38:53","modified_gmt":"2026-02-09T07:38:53","slug":"oro","status":"publish","type":"product","link":"https:\/\/shop-staging.tippspiel-fuer-unternehmen.com\/es\/shop-overview\/oro\/","title":{"rendered":"Oro"},"content":{"rendered":"<section class=\"elementor-repeater-item-9aa8ed5 wpr-pricing-table-item wpr-pricing-table-feature\">\n<div class=\"wpr-pricing-table-feature-inner\"><span class=\"wpr-pricing-table-feature-text wpr-pricing-table-ftext-line-\">Todas las funciones del paquete plata m\u00e1s:<\/span><\/div>\n<\/section>\n<ul>\n<li>\n<section class=\"elementor-repeater-item-e42ec2f wpr-pricing-table-item wpr-pricing-table-feature\">\n<div class=\"wpr-pricing-table-feature-inner\"><span class=\"wpr-pricing-table-feature-text wpr-pricing-table-ftext-line-\">Subdominios personalizados<\/span><\/div>\n<\/section>\n<\/li>\n<li>\n<section class=\"elementor-repeater-item-4244b0f wpr-pricing-table-item wpr-pricing-table-feature\">\n<div class=\"wpr-pricing-table-feature-inner\"><span class=\"wpr-pricing-table-feature-text wpr-pricing-table-ftext-line-\">Provisi\u00f3n como aplicaci\u00f3n web progresiva (PWA) para navegadores seleccionados (Safari, Chrome y Edge)<\/span><\/div>\n<\/section>\n<\/li>\n<li>\n<section class=\"elementor-repeater-item-b121399 wpr-pricing-table-item wpr-pricing-table-feature\">\n<div class=\"wpr-pricing-table-feature-inner\"><span class=\"wpr-pricing-table-feature-text wpr-pricing-table-ftext-line-\">Otros idiomas a petici\u00f3n individual del cliente<\/span><\/div>\n<\/section>\n<\/li>\n<li>\n<section class=\"elementor-repeater-item-5104bda wpr-pricing-table-item wpr-pricing-table-feature\">\n<div class=\"wpr-pricing-table-feature-inner\"><span class=\"wpr-pricing-table-feature-text wpr-pricing-table-ftext-line-\">Estad\u00edsticas de usuario ampliadas<\/span><\/div>\n<\/section>\n<\/li>\n<li>\n<section class=\"elementor-repeater-item-131d13d wpr-pricing-table-item wpr-pricing-table-feature\">\n<div class=\"wpr-pricing-table-feature-inner\"><span class=\"wpr-pricing-table-feature-text wpr-pricing-table-ftext-line-\">Oferta \/ pago a cuenta<\/span><\/div>\n<\/section>\n<\/li>\n<li>\n<section class=\"elementor-repeater-item-e07283a wpr-pricing-table-item wpr-pricing-table-feature\">\n<div class=\"wpr-pricing-table-feature-inner\"><span class=\"wpr-pricing-table-feature-text wpr-pricing-table-ftext-line-\">hasta 3.000 participantes<\/span><\/div>\n<\/section>\n<\/li>\n<\/ul>\n","protected":false},"excerpt":{"rendered":"<p>Todas las funciones del paquete plata m\u00e1s: Subdominios personalizados Provisi\u00f3n como aplicaci\u00f3n web progresiva (PWA) para navegadores seleccionados (Safari, Chrome y Edge) Otros idiomas a petici\u00f3n individual del cliente Estad\u00edsticas de usuario ampliadas Oferta \/ pago a cuenta hasta 3.000 participantes<\/p>\n","protected":false},"featured_media":4746,"template":"","meta":{"_acf_changed":false},"product_brand":[],"product_cat":[162],"product_tag":[],"class_list":{"0":"post-4098","1":"product","2":"type-product","3":"status-publish","4":"has-post-thumbnail","6":"product_cat-juego-de-prediccion-para-empleados-y-socios-comerciales","8":"first","9":"instock","10":"virtual","11":"sold-individually","12":"taxable","13":"purchasable","14":"product-type-simple"},"acf":[],"yoast_head":"<!-- This site is optimized with the Yoast SEO Premium plugin v27.1 (Yoast SEO v27.3) - https:\/\/yoast.com\/product\/yoast-seo-premium-wordpress\/ -->\n<title>Oro - Tippspiel f\u00fcr Unternehmen<\/title>\n<meta name=\"description\" content=\"Alle Funktionen des Silberpakets zzgl.: Kundenindividuelle Subdomains, Bereitstellung als Progressive Webapp (PWA) f\u00fcr ausgew\u00e4hlte Browser..\" \/>\n<meta name=\"robots\" content=\"noindex, follow, max-snippet:-1, max-image-preview:large, max-video-preview:-1\" \/>\n<meta property=\"og:locale\" content=\"es_ES\" \/>\n<meta property=\"og:type\" content=\"article\" \/>\n<meta property=\"og:title\" content=\"Oro\" \/>\n<meta property=\"og:description\" content=\"Alle Funktionen des Silberpakets zzgl.: Kundenindividuelle Subdomains, Bereitstellung als Progressive Webapp (PWA) f\u00fcr ausgew\u00e4hlte Browser..\" \/>\n<meta property=\"og:url\" content=\"https:\/\/shop-staging.tippspiel-fuer-unternehmen.com\/es\/shop-overview\/oro\/\" \/>\n<meta property=\"og:site_name\" content=\"Tippspiel f\u00fcr Unternehmen\" \/>\n<meta property=\"article:modified_time\" content=\"2026-02-09T07:38:53+00:00\" \/>\n<meta property=\"og:image\" content=\"https:\/\/shop-staging.tippspiel-fuer-unternehmen.com\/wp-content\/uploads\/2026\/01\/Produktbild_Bronze@1x.jpg\" \/>\n\t<meta property=\"og:image:width\" content=\"1000\" \/>\n\t<meta property=\"og:image:height\" content=\"1000\" \/>\n\t<meta property=\"og:image:type\" content=\"image\/jpeg\" \/>\n<meta name=\"twitter:card\" content=\"summary_large_image\" \/>\n<script type=\"application\/ld+json\" class=\"yoast-schema-graph\">{\"@context\":\"https:\\\/\\\/schema.org\",\"@graph\":[{\"@type\":\"WebPage\",\"@id\":\"https:\\\/\\\/shop-staging.tippspiel-fuer-unternehmen.com\\\/es\\\/shop-overview\\\/oro\\\/\",\"url\":\"https:\\\/\\\/shop-staging.tippspiel-fuer-unternehmen.com\\\/es\\\/shop-overview\\\/oro\\\/\",\"name\":\"Oro - Tippspiel f\u00fcr Unternehmen\",\"isPartOf\":{\"@id\":\"https:\\\/\\\/shop-staging.tippspiel-fuer-unternehmen.com\\\/#website\"},\"primaryImageOfPage\":{\"@id\":\"https:\\\/\\\/shop-staging.tippspiel-fuer-unternehmen.com\\\/es\\\/shop-overview\\\/oro\\\/#primaryimage\"},\"image\":{\"@id\":\"https:\\\/\\\/shop-staging.tippspiel-fuer-unternehmen.com\\\/es\\\/shop-overview\\\/oro\\\/#primaryimage\"},\"thumbnailUrl\":\"https:\\\/\\\/shop-staging.tippspiel-fuer-unternehmen.com\\\/wp-content\\\/uploads\\\/2026\\\/01\\\/Produktbild_Bronze@1x.jpg\",\"datePublished\":\"2025-12-12T12:18:57+00:00\",\"dateModified\":\"2026-02-09T07:38:53+00:00\",\"description\":\"Alle Funktionen des Silberpakets zzgl.: Kundenindividuelle Subdomains, Bereitstellung als Progressive Webapp (PWA) f\u00fcr ausgew\u00e4hlte Browser..\",\"breadcrumb\":{\"@id\":\"https:\\\/\\\/shop-staging.tippspiel-fuer-unternehmen.com\\\/es\\\/shop-overview\\\/oro\\\/#breadcrumb\"},\"inLanguage\":\"es\",\"potentialAction\":[{\"@type\":\"ReadAction\",\"target\":[\"https:\\\/\\\/shop-staging.tippspiel-fuer-unternehmen.com\\\/es\\\/shop-overview\\\/oro\\\/\"]}]},{\"@type\":\"ImageObject\",\"inLanguage\":\"es\",\"@id\":\"https:\\\/\\\/shop-staging.tippspiel-fuer-unternehmen.com\\\/es\\\/shop-overview\\\/oro\\\/#primaryimage\",\"url\":\"https:\\\/\\\/shop-staging.tippspiel-fuer-unternehmen.com\\\/wp-content\\\/uploads\\\/2026\\\/01\\\/Produktbild_Bronze@1x.jpg\",\"contentUrl\":\"https:\\\/\\\/shop-staging.tippspiel-fuer-unternehmen.com\\\/wp-content\\\/uploads\\\/2026\\\/01\\\/Produktbild_Bronze@1x.jpg\",\"width\":1000,\"height\":1000,\"caption\":\"Produktbild Bronze\"},{\"@type\":\"BreadcrumbList\",\"@id\":\"https:\\\/\\\/shop-staging.tippspiel-fuer-unternehmen.com\\\/es\\\/shop-overview\\\/oro\\\/#breadcrumb\",\"itemListElement\":[{\"@type\":\"ListItem\",\"position\":1,\"name\":\"Startseite\",\"item\":\"https:\\\/\\\/shop-staging.tippspiel-fuer-unternehmen.com\\\/es\\\/futbol-pronostico-para-empresas-copa-del-mundo-2026\\\/\"},{\"@type\":\"ListItem\",\"position\":2,\"name\":\"Visi\u00f3n general de la tienda\",\"item\":\"https:\\\/\\\/shop-staging.tippspiel-fuer-unternehmen.com\\\/es\\\/?page_id=5082\"},{\"@type\":\"ListItem\",\"position\":3,\"name\":\"Oro\"}]},{\"@type\":\"WebSite\",\"@id\":\"https:\\\/\\\/shop-staging.tippspiel-fuer-unternehmen.com\\\/#website\",\"url\":\"https:\\\/\\\/shop-staging.tippspiel-fuer-unternehmen.com\\\/\",\"name\":\"Tippspiel f\u00fcr Unternehmen\",\"description\":\"\",\"publisher\":{\"@id\":\"https:\\\/\\\/shop-staging.tippspiel-fuer-unternehmen.com\\\/#organization\"},\"alternateName\":\"Unternehmens-Tippspiel\",\"potentialAction\":[{\"@type\":\"SearchAction\",\"target\":{\"@type\":\"EntryPoint\",\"urlTemplate\":\"https:\\\/\\\/shop-staging.tippspiel-fuer-unternehmen.com\\\/?s={search_term_string}\"},\"query-input\":{\"@type\":\"PropertyValueSpecification\",\"valueRequired\":true,\"valueName\":\"search_term_string\"}}],\"inLanguage\":\"es\"},{\"@type\":\"Organization\",\"@id\":\"https:\\\/\\\/shop-staging.tippspiel-fuer-unternehmen.com\\\/#organization\",\"name\":\"Tippspiel f\u00fcr Unternehmen\",\"url\":\"https:\\\/\\\/shop-staging.tippspiel-fuer-unternehmen.com\\\/\",\"logo\":{\"@type\":\"ImageObject\",\"inLanguage\":\"es\",\"@id\":\"https:\\\/\\\/shop-staging.tippspiel-fuer-unternehmen.com\\\/#\\\/schema\\\/logo\\\/image\\\/\",\"url\":\"https:\\\/\\\/shop-staging.tippspiel-fuer-unternehmen.com\\\/wp-content\\\/uploads\\\/2022\\\/08\\\/993167DA-79E2-4C48-8F02-C9498D0CD337_4_5005_c.jpeg\",\"contentUrl\":\"https:\\\/\\\/shop-staging.tippspiel-fuer-unternehmen.com\\\/wp-content\\\/uploads\\\/2022\\\/08\\\/993167DA-79E2-4C48-8F02-C9498D0CD337_4_5005_c.jpeg\",\"width\":82,\"height\":92,\"caption\":\"Tippspiel f\u00fcr Unternehmen\"},\"image\":{\"@id\":\"https:\\\/\\\/shop-staging.tippspiel-fuer-unternehmen.com\\\/#\\\/schema\\\/logo\\\/image\\\/\"}}]}<\/script>\n<!-- \/ Yoast SEO Premium plugin. -->","yoast_head_json":{"title":"Oro - Tippspiel f\u00fcr Unternehmen","description":"Alle Funktionen des Silberpakets zzgl.: Kundenindividuelle Subdomains, Bereitstellung als Progressive Webapp (PWA) f\u00fcr ausgew\u00e4hlte Browser..","robots":{"index":"noindex","follow":"follow","max-snippet":"max-snippet:-1","max-image-preview":"max-image-preview:large","max-video-preview":"max-video-preview:-1"},"og_locale":"es_ES","og_type":"article","og_title":"Oro","og_description":"Alle Funktionen des Silberpakets zzgl.: Kundenindividuelle Subdomains, Bereitstellung als Progressive Webapp (PWA) f\u00fcr ausgew\u00e4hlte Browser..","og_url":"https:\/\/shop-staging.tippspiel-fuer-unternehmen.com\/es\/shop-overview\/oro\/","og_site_name":"Tippspiel f\u00fcr Unternehmen","article_modified_time":"2026-02-09T07:38:53+00:00","og_image":[{"width":1000,"height":1000,"url":"https:\/\/shop-staging.tippspiel-fuer-unternehmen.com\/wp-content\/uploads\/2026\/01\/Produktbild_Bronze@1x.jpg","type":"image\/jpeg"}],"twitter_card":"summary_large_image","schema":{"@context":"https:\/\/schema.org","@graph":[{"@type":"WebPage","@id":"https:\/\/shop-staging.tippspiel-fuer-unternehmen.com\/es\/shop-overview\/oro\/","url":"https:\/\/shop-staging.tippspiel-fuer-unternehmen.com\/es\/shop-overview\/oro\/","name":"Oro - Tippspiel f\u00fcr Unternehmen","isPartOf":{"@id":"https:\/\/shop-staging.tippspiel-fuer-unternehmen.com\/#website"},"primaryImageOfPage":{"@id":"https:\/\/shop-staging.tippspiel-fuer-unternehmen.com\/es\/shop-overview\/oro\/#primaryimage"},"image":{"@id":"https:\/\/shop-staging.tippspiel-fuer-unternehmen.com\/es\/shop-overview\/oro\/#primaryimage"},"thumbnailUrl":"https:\/\/shop-staging.tippspiel-fuer-unternehmen.com\/wp-content\/uploads\/2026\/01\/Produktbild_Bronze@1x.jpg","datePublished":"2025-12-12T12:18:57+00:00","dateModified":"2026-02-09T07:38:53+00:00","description":"Alle Funktionen des Silberpakets zzgl.: Kundenindividuelle Subdomains, Bereitstellung als Progressive Webapp (PWA) f\u00fcr ausgew\u00e4hlte Browser..","breadcrumb":{"@id":"https:\/\/shop-staging.tippspiel-fuer-unternehmen.com\/es\/shop-overview\/oro\/#breadcrumb"},"inLanguage":"es","potentialAction":[{"@type":"ReadAction","target":["https:\/\/shop-staging.tippspiel-fuer-unternehmen.com\/es\/shop-overview\/oro\/"]}]},{"@type":"ImageObject","inLanguage":"es","@id":"https:\/\/shop-staging.tippspiel-fuer-unternehmen.com\/es\/shop-overview\/oro\/#primaryimage","url":"https:\/\/shop-staging.tippspiel-fuer-unternehmen.com\/wp-content\/uploads\/2026\/01\/Produktbild_Bronze@1x.jpg","contentUrl":"https:\/\/shop-staging.tippspiel-fuer-unternehmen.com\/wp-content\/uploads\/2026\/01\/Produktbild_Bronze@1x.jpg","width":1000,"height":1000,"caption":"Produktbild Bronze"},{"@type":"BreadcrumbList","@id":"https:\/\/shop-staging.tippspiel-fuer-unternehmen.com\/es\/shop-overview\/oro\/#breadcrumb","itemListElement":[{"@type":"ListItem","position":1,"name":"Startseite","item":"https:\/\/shop-staging.tippspiel-fuer-unternehmen.com\/es\/futbol-pronostico-para-empresas-copa-del-mundo-2026\/"},{"@type":"ListItem","position":2,"name":"Visi\u00f3n general de la tienda","item":"https:\/\/shop-staging.tippspiel-fuer-unternehmen.com\/es\/?page_id=5082"},{"@type":"ListItem","position":3,"name":"Oro"}]},{"@type":"WebSite","@id":"https:\/\/shop-staging.tippspiel-fuer-unternehmen.com\/#website","url":"https:\/\/shop-staging.tippspiel-fuer-unternehmen.com\/","name":"Tippspiel f\u00fcr Unternehmen","description":"","publisher":{"@id":"https:\/\/shop-staging.tippspiel-fuer-unternehmen.com\/#organization"},"alternateName":"Unternehmens-Tippspiel","potentialAction":[{"@type":"SearchAction","target":{"@type":"EntryPoint","urlTemplate":"https:\/\/shop-staging.tippspiel-fuer-unternehmen.com\/?s={search_term_string}"},"query-input":{"@type":"PropertyValueSpecification","valueRequired":true,"valueName":"search_term_string"}}],"inLanguage":"es"},{"@type":"Organization","@id":"https:\/\/shop-staging.tippspiel-fuer-unternehmen.com\/#organization","name":"Tippspiel f\u00fcr Unternehmen","url":"https:\/\/shop-staging.tippspiel-fuer-unternehmen.com\/","logo":{"@type":"ImageObject","inLanguage":"es","@id":"https:\/\/shop-staging.tippspiel-fuer-unternehmen.com\/#\/schema\/logo\/image\/","url":"https:\/\/shop-staging.tippspiel-fuer-unternehmen.com\/wp-content\/uploads\/2022\/08\/993167DA-79E2-4C48-8F02-C9498D0CD337_4_5005_c.jpeg","contentUrl":"https:\/\/shop-staging.tippspiel-fuer-unternehmen.com\/wp-content\/uploads\/2022\/08\/993167DA-79E2-4C48-8F02-C9498D0CD337_4_5005_c.jpeg","width":82,"height":92,"caption":"Tippspiel f\u00fcr Unternehmen"},"image":{"@id":"https:\/\/shop-staging.tippspiel-fuer-unternehmen.com\/#\/schema\/logo\/image\/"}}]}},"_links":{"self":[{"href":"https:\/\/shop-staging.tippspiel-fuer-unternehmen.com\/es\/wp-json\/wp\/v2\/product\/4098","targetHints":{"allow":["GET"]}}],"collection":[{"href":"https:\/\/shop-staging.tippspiel-fuer-unternehmen.com\/es\/wp-json\/wp\/v2\/product"}],"about":[{"href":"https:\/\/shop-staging.tippspiel-fuer-unternehmen.com\/es\/wp-json\/wp\/v2\/types\/product"}],"wp:featuredmedia":[{"embeddable":true,"href":"https:\/\/shop-staging.tippspiel-fuer-unternehmen.com\/es\/wp-json\/wp\/v2\/media\/4746"}],"wp:attachment":[{"href":"https:\/\/shop-staging.tippspiel-fuer-unternehmen.com\/es\/wp-json\/wp\/v2\/media?parent=4098"}],"wp:term":[{"taxonomy":"product_brand","embeddable":true,"href":"https:\/\/shop-staging.tippspiel-fuer-unternehmen.com\/es\/wp-json\/wp\/v2\/product_brand?post=4098"},{"taxonomy":"product_cat","embeddable":true,"href":"https:\/\/shop-staging.tippspiel-fuer-unternehmen.com\/es\/wp-json\/wp\/v2\/product_cat?post=4098"},{"taxonomy":"product_tag","embeddable":true,"href":"https:\/\/shop-staging.tippspiel-fuer-unternehmen.com\/es\/wp-json\/wp\/v2\/product_tag?post=4098"}],"curies":[{"name":"wp","href":"https:\/\/api.w.org\/{rel}","templated":true}]}}