{"id":4663,"date":"2026-01-27T12:55:42","date_gmt":"2026-01-27T12:55:42","guid":{"rendered":"https:\/\/tippspiel-fuer-unternehmen.com\/?post_type=product&#038;p=4663"},"modified":"2026-02-09T07:39:20","modified_gmt":"2026-02-09T07:39:20","slug":"plata-copy","status":"publish","type":"product","link":"https:\/\/shop-staging.tippspiel-fuer-unternehmen.com\/es\/shop-overview\/plata-copy\/","title":{"rendered":"B\u00e1sico"},"content":{"rendered":"<p><strong>\u00c1mbito funcional del paquete:<\/strong><\/p>\n<ul class=\"elementor-price-table__features-list\">\n<li class=\"elementor-repeater-item-e984239\">\n<div class=\"elementor-price-table__feature-inner\">\n<section class=\"elementor-repeater-item-9aa8ed5 wpr-pricing-table-item wpr-pricing-table-feature\">\n<div class=\"wpr-pricing-table-feature-inner\"><span class=\"wpr-pricing-table-feature-text wpr-pricing-table-ftext-line-\">Configuraci\u00f3n autom\u00e1tica de la cuenta mediante formulario<\/span><\/div>\n<\/section>\n<\/div>\n<\/li>\n<li class=\"elementor-repeater-item-e984239\">\n<div class=\"elementor-price-table__feature-inner\"><span class=\"wpr-pricing-table-feature-text wpr-pricing-table-ftext-line-\">Interfaz de usuario optimizada para ordenador, tableta y smartphone<\/span><\/div>\n<\/li>\n<li class=\"elementor-repeater-item-e984239\">\n<div class=\"elementor-price-table__feature-inner\">Provisi\u00f3n como subdominio e iFrame<\/div>\n<\/li>\n<li class=\"elementor-repeater-item-e984239\">\n<div class=\"elementor-price-table__feature-inner\">Dise\u00f1o personalizado<\/div>\n<\/li>\n<li class=\"elementor-repeater-item-e984239\">\n<div class=\"elementor-price-table__feature-inner\">Asistencia a trav\u00e9s de la herramienta de atenci\u00f3n al cliente<\/div>\n<\/li>\n<li class=\"elementor-repeater-item-e984239\">\n<div class=\"elementor-price-table__feature-inner\">Protecci\u00f3n contra registros falsos con Captcha<\/div>\n<\/li>\n<li class=\"elementor-repeater-item-e984239\">\n<div class=\"elementor-price-table__feature-inner\">C\u00f3digo QR de la quiniela para compartir el enlace de participaci\u00f3n<\/div>\n<\/li>\n<li class=\"elementor-repeater-item-e984239\">\n<div class=\"elementor-price-table__feature-inner\">Idiomas: DE, EN, FR, IT, ES, PT, NL, DK, TR, PL, UK, RO, BG, GR, HU, CZ, SK, SE<\/div>\n<\/li>\n<li><span class=\"elementor-icon-list-text\">Se puede activar el consentimiento para el uso de los datos de los participantes con fines publicitarios<\/span><\/li>\n<li><span class=\"elementor-icon-list-text\">Resultados en directo<\/span><\/li>\n<li><span class=\"elementor-icon-list-text\">Los administradores pueden personalizar los textos de los correos electr\u00f3nicos si lo solicitan y hacer que se les env\u00eden estos cambios<\/span><\/li>\n<li class=\"elementor-repeater-item-e984239\">\n<div class=\"elementor-price-table__feature-inner\">hasta 2.500 participantes<\/div>\n<\/li>\n<\/ul>\n<div class=\"elementor-price-table__feature-inner\"><\/div>\n","protected":false},"excerpt":{"rendered":"<p>El F\u00fatbol pron\u00f3stico para empresas Paquete b\u00e1sico (Externo)<\/p>\n","protected":false},"featured_media":4903,"template":"","meta":{"_acf_changed":false},"product_brand":[],"product_cat":[157],"product_tag":[],"class_list":{"0":"post-4663","1":"product","2":"type-product","3":"status-publish","4":"has-post-thumbnail","6":"product_cat-juego-de-prediccion-para-la-generacion-de-clientes-potenciales","8":"first","9":"instock","10":"virtual","11":"sold-individually","12":"taxable","13":"purchasable","14":"product-type-simple"},"acf":[],"yoast_head":"<!-- This site is optimized with the Yoast SEO Premium plugin v27.1 (Yoast SEO v27.3) - https:\/\/yoast.com\/product\/yoast-seo-premium-wordpress\/ -->\n<title>B\u00e1sico - Tippspiel f\u00fcr Unternehmen<\/title>\n<meta name=\"description\" content=\"Alle Funktionen des Bronzepakets zzgl.:Zus\u00e4tzliche Sprachen: TR, PL, UK, RO, BG, GR, HU, CZ, SKSingle Sign On (SSO) mittels Microsoft Entra..\" \/>\n<meta name=\"robots\" content=\"noindex, follow, max-snippet:-1, max-image-preview:large, max-video-preview:-1\" \/>\n<meta property=\"og:locale\" content=\"es_ES\" \/>\n<meta property=\"og:type\" content=\"article\" \/>\n<meta property=\"og:title\" content=\"B\u00e1sico\" \/>\n<meta property=\"og:description\" content=\"Alle Funktionen des Bronzepakets zzgl.:Zus\u00e4tzliche Sprachen: TR, PL, UK, RO, BG, GR, HU, CZ, SKSingle Sign On (SSO) mittels Microsoft Entra..\" \/>\n<meta property=\"og:url\" content=\"https:\/\/shop-staging.tippspiel-fuer-unternehmen.com\/es\/shop-overview\/plata-copy\/\" \/>\n<meta property=\"og:site_name\" content=\"Tippspiel f\u00fcr Unternehmen\" \/>\n<meta property=\"article:modified_time\" content=\"2026-02-09T07:39:20+00:00\" \/>\n<meta property=\"og:image\" content=\"https:\/\/shop-staging.tippspiel-fuer-unternehmen.com\/wp-content\/uploads\/2026\/01\/Produktbild_Basic.webp\" \/>\n\t<meta property=\"og:image:width\" content=\"1000\" \/>\n\t<meta property=\"og:image:height\" content=\"1000\" \/>\n\t<meta property=\"og:image:type\" content=\"image\/webp\" \/>\n<meta name=\"twitter:card\" content=\"summary_large_image\" \/>\n<meta name=\"twitter:label1\" content=\"Tiempo de lectura\" \/>\n\t<meta name=\"twitter:data1\" content=\"1 minuto\" \/>\n<script type=\"application\/ld+json\" class=\"yoast-schema-graph\">{\"@context\":\"https:\\\/\\\/schema.org\",\"@graph\":[{\"@type\":\"WebPage\",\"@id\":\"https:\\\/\\\/shop-staging.tippspiel-fuer-unternehmen.com\\\/es\\\/shop-overview\\\/plata-copy\\\/\",\"url\":\"https:\\\/\\\/shop-staging.tippspiel-fuer-unternehmen.com\\\/es\\\/shop-overview\\\/plata-copy\\\/\",\"name\":\"B\u00e1sico - Tippspiel f\u00fcr Unternehmen\",\"isPartOf\":{\"@id\":\"https:\\\/\\\/shop-staging.tippspiel-fuer-unternehmen.com\\\/#website\"},\"primaryImageOfPage\":{\"@id\":\"https:\\\/\\\/shop-staging.tippspiel-fuer-unternehmen.com\\\/es\\\/shop-overview\\\/plata-copy\\\/#primaryimage\"},\"image\":{\"@id\":\"https:\\\/\\\/shop-staging.tippspiel-fuer-unternehmen.com\\\/es\\\/shop-overview\\\/plata-copy\\\/#primaryimage\"},\"thumbnailUrl\":\"https:\\\/\\\/shop-staging.tippspiel-fuer-unternehmen.com\\\/wp-content\\\/uploads\\\/2026\\\/01\\\/Produktbild_Basic.webp\",\"datePublished\":\"2026-01-27T12:55:42+00:00\",\"dateModified\":\"2026-02-09T07:39:20+00:00\",\"description\":\"Alle Funktionen des Bronzepakets zzgl.:Zus\u00e4tzliche Sprachen: TR, PL, UK, RO, BG, GR, HU, CZ, SKSingle Sign On (SSO) mittels Microsoft Entra..\",\"breadcrumb\":{\"@id\":\"https:\\\/\\\/shop-staging.tippspiel-fuer-unternehmen.com\\\/es\\\/shop-overview\\\/plata-copy\\\/#breadcrumb\"},\"inLanguage\":\"es\",\"potentialAction\":[{\"@type\":\"ReadAction\",\"target\":[\"https:\\\/\\\/shop-staging.tippspiel-fuer-unternehmen.com\\\/es\\\/shop-overview\\\/plata-copy\\\/\"]}]},{\"@type\":\"ImageObject\",\"inLanguage\":\"es\",\"@id\":\"https:\\\/\\\/shop-staging.tippspiel-fuer-unternehmen.com\\\/es\\\/shop-overview\\\/plata-copy\\\/#primaryimage\",\"url\":\"https:\\\/\\\/shop-staging.tippspiel-fuer-unternehmen.com\\\/wp-content\\\/uploads\\\/2026\\\/01\\\/Produktbild_Basic.webp\",\"contentUrl\":\"https:\\\/\\\/shop-staging.tippspiel-fuer-unternehmen.com\\\/wp-content\\\/uploads\\\/2026\\\/01\\\/Produktbild_Basic.webp\",\"width\":1000,\"height\":1000,\"caption\":\"produktbild basic\"},{\"@type\":\"BreadcrumbList\",\"@id\":\"https:\\\/\\\/shop-staging.tippspiel-fuer-unternehmen.com\\\/es\\\/shop-overview\\\/plata-copy\\\/#breadcrumb\",\"itemListElement\":[{\"@type\":\"ListItem\",\"position\":1,\"name\":\"Startseite\",\"item\":\"https:\\\/\\\/shop-staging.tippspiel-fuer-unternehmen.com\\\/es\\\/futbol-pronostico-para-empresas-copa-del-mundo-2026\\\/\"},{\"@type\":\"ListItem\",\"position\":2,\"name\":\"Visi\u00f3n general de la tienda\",\"item\":\"https:\\\/\\\/shop-staging.tippspiel-fuer-unternehmen.com\\\/es\\\/?page_id=5082\"},{\"@type\":\"ListItem\",\"position\":3,\"name\":\"B\u00e1sico\"}]},{\"@type\":\"WebSite\",\"@id\":\"https:\\\/\\\/shop-staging.tippspiel-fuer-unternehmen.com\\\/#website\",\"url\":\"https:\\\/\\\/shop-staging.tippspiel-fuer-unternehmen.com\\\/\",\"name\":\"Tippspiel f\u00fcr Unternehmen\",\"description\":\"\",\"publisher\":{\"@id\":\"https:\\\/\\\/shop-staging.tippspiel-fuer-unternehmen.com\\\/#organization\"},\"alternateName\":\"Unternehmens-Tippspiel\",\"potentialAction\":[{\"@type\":\"SearchAction\",\"target\":{\"@type\":\"EntryPoint\",\"urlTemplate\":\"https:\\\/\\\/shop-staging.tippspiel-fuer-unternehmen.com\\\/?s={search_term_string}\"},\"query-input\":{\"@type\":\"PropertyValueSpecification\",\"valueRequired\":true,\"valueName\":\"search_term_string\"}}],\"inLanguage\":\"es\"},{\"@type\":\"Organization\",\"@id\":\"https:\\\/\\\/shop-staging.tippspiel-fuer-unternehmen.com\\\/#organization\",\"name\":\"Tippspiel f\u00fcr Unternehmen\",\"url\":\"https:\\\/\\\/shop-staging.tippspiel-fuer-unternehmen.com\\\/\",\"logo\":{\"@type\":\"ImageObject\",\"inLanguage\":\"es\",\"@id\":\"https:\\\/\\\/shop-staging.tippspiel-fuer-unternehmen.com\\\/#\\\/schema\\\/logo\\\/image\\\/\",\"url\":\"https:\\\/\\\/shop-staging.tippspiel-fuer-unternehmen.com\\\/wp-content\\\/uploads\\\/2022\\\/08\\\/993167DA-79E2-4C48-8F02-C9498D0CD337_4_5005_c.jpeg\",\"contentUrl\":\"https:\\\/\\\/shop-staging.tippspiel-fuer-unternehmen.com\\\/wp-content\\\/uploads\\\/2022\\\/08\\\/993167DA-79E2-4C48-8F02-C9498D0CD337_4_5005_c.jpeg\",\"width\":82,\"height\":92,\"caption\":\"Tippspiel f\u00fcr Unternehmen\"},\"image\":{\"@id\":\"https:\\\/\\\/shop-staging.tippspiel-fuer-unternehmen.com\\\/#\\\/schema\\\/logo\\\/image\\\/\"}}]}<\/script>\n<!-- \/ Yoast SEO Premium plugin. -->","yoast_head_json":{"title":"B\u00e1sico - Tippspiel f\u00fcr Unternehmen","description":"Alle Funktionen des Bronzepakets zzgl.:Zus\u00e4tzliche Sprachen: TR, PL, UK, RO, BG, GR, HU, CZ, SKSingle Sign On (SSO) mittels Microsoft Entra..","robots":{"index":"noindex","follow":"follow","max-snippet":"max-snippet:-1","max-image-preview":"max-image-preview:large","max-video-preview":"max-video-preview:-1"},"og_locale":"es_ES","og_type":"article","og_title":"B\u00e1sico","og_description":"Alle Funktionen des Bronzepakets zzgl.:Zus\u00e4tzliche Sprachen: TR, PL, UK, RO, BG, GR, HU, CZ, SKSingle Sign On (SSO) mittels Microsoft Entra..","og_url":"https:\/\/shop-staging.tippspiel-fuer-unternehmen.com\/es\/shop-overview\/plata-copy\/","og_site_name":"Tippspiel f\u00fcr Unternehmen","article_modified_time":"2026-02-09T07:39:20+00:00","og_image":[{"width":1000,"height":1000,"url":"https:\/\/shop-staging.tippspiel-fuer-unternehmen.com\/wp-content\/uploads\/2026\/01\/Produktbild_Basic.webp","type":"image\/webp"}],"twitter_card":"summary_large_image","twitter_misc":{"Tiempo de lectura":"1 minuto"},"schema":{"@context":"https:\/\/schema.org","@graph":[{"@type":"WebPage","@id":"https:\/\/shop-staging.tippspiel-fuer-unternehmen.com\/es\/shop-overview\/plata-copy\/","url":"https:\/\/shop-staging.tippspiel-fuer-unternehmen.com\/es\/shop-overview\/plata-copy\/","name":"B\u00e1sico - Tippspiel f\u00fcr Unternehmen","isPartOf":{"@id":"https:\/\/shop-staging.tippspiel-fuer-unternehmen.com\/#website"},"primaryImageOfPage":{"@id":"https:\/\/shop-staging.tippspiel-fuer-unternehmen.com\/es\/shop-overview\/plata-copy\/#primaryimage"},"image":{"@id":"https:\/\/shop-staging.tippspiel-fuer-unternehmen.com\/es\/shop-overview\/plata-copy\/#primaryimage"},"thumbnailUrl":"https:\/\/shop-staging.tippspiel-fuer-unternehmen.com\/wp-content\/uploads\/2026\/01\/Produktbild_Basic.webp","datePublished":"2026-01-27T12:55:42+00:00","dateModified":"2026-02-09T07:39:20+00:00","description":"Alle Funktionen des Bronzepakets zzgl.:Zus\u00e4tzliche Sprachen: TR, PL, UK, RO, BG, GR, HU, CZ, SKSingle Sign On (SSO) mittels Microsoft Entra..","breadcrumb":{"@id":"https:\/\/shop-staging.tippspiel-fuer-unternehmen.com\/es\/shop-overview\/plata-copy\/#breadcrumb"},"inLanguage":"es","potentialAction":[{"@type":"ReadAction","target":["https:\/\/shop-staging.tippspiel-fuer-unternehmen.com\/es\/shop-overview\/plata-copy\/"]}]},{"@type":"ImageObject","inLanguage":"es","@id":"https:\/\/shop-staging.tippspiel-fuer-unternehmen.com\/es\/shop-overview\/plata-copy\/#primaryimage","url":"https:\/\/shop-staging.tippspiel-fuer-unternehmen.com\/wp-content\/uploads\/2026\/01\/Produktbild_Basic.webp","contentUrl":"https:\/\/shop-staging.tippspiel-fuer-unternehmen.com\/wp-content\/uploads\/2026\/01\/Produktbild_Basic.webp","width":1000,"height":1000,"caption":"produktbild basic"},{"@type":"BreadcrumbList","@id":"https:\/\/shop-staging.tippspiel-fuer-unternehmen.com\/es\/shop-overview\/plata-copy\/#breadcrumb","itemListElement":[{"@type":"ListItem","position":1,"name":"Startseite","item":"https:\/\/shop-staging.tippspiel-fuer-unternehmen.com\/es\/futbol-pronostico-para-empresas-copa-del-mundo-2026\/"},{"@type":"ListItem","position":2,"name":"Visi\u00f3n general de la tienda","item":"https:\/\/shop-staging.tippspiel-fuer-unternehmen.com\/es\/?page_id=5082"},{"@type":"ListItem","position":3,"name":"B\u00e1sico"}]},{"@type":"WebSite","@id":"https:\/\/shop-staging.tippspiel-fuer-unternehmen.com\/#website","url":"https:\/\/shop-staging.tippspiel-fuer-unternehmen.com\/","name":"Tippspiel f\u00fcr Unternehmen","description":"","publisher":{"@id":"https:\/\/shop-staging.tippspiel-fuer-unternehmen.com\/#organization"},"alternateName":"Unternehmens-Tippspiel","potentialAction":[{"@type":"SearchAction","target":{"@type":"EntryPoint","urlTemplate":"https:\/\/shop-staging.tippspiel-fuer-unternehmen.com\/?s={search_term_string}"},"query-input":{"@type":"PropertyValueSpecification","valueRequired":true,"valueName":"search_term_string"}}],"inLanguage":"es"},{"@type":"Organization","@id":"https:\/\/shop-staging.tippspiel-fuer-unternehmen.com\/#organization","name":"Tippspiel f\u00fcr Unternehmen","url":"https:\/\/shop-staging.tippspiel-fuer-unternehmen.com\/","logo":{"@type":"ImageObject","inLanguage":"es","@id":"https:\/\/shop-staging.tippspiel-fuer-unternehmen.com\/#\/schema\/logo\/image\/","url":"https:\/\/shop-staging.tippspiel-fuer-unternehmen.com\/wp-content\/uploads\/2022\/08\/993167DA-79E2-4C48-8F02-C9498D0CD337_4_5005_c.jpeg","contentUrl":"https:\/\/shop-staging.tippspiel-fuer-unternehmen.com\/wp-content\/uploads\/2022\/08\/993167DA-79E2-4C48-8F02-C9498D0CD337_4_5005_c.jpeg","width":82,"height":92,"caption":"Tippspiel f\u00fcr Unternehmen"},"image":{"@id":"https:\/\/shop-staging.tippspiel-fuer-unternehmen.com\/#\/schema\/logo\/image\/"}}]}},"_links":{"self":[{"href":"https:\/\/shop-staging.tippspiel-fuer-unternehmen.com\/es\/wp-json\/wp\/v2\/product\/4663","targetHints":{"allow":["GET"]}}],"collection":[{"href":"https:\/\/shop-staging.tippspiel-fuer-unternehmen.com\/es\/wp-json\/wp\/v2\/product"}],"about":[{"href":"https:\/\/shop-staging.tippspiel-fuer-unternehmen.com\/es\/wp-json\/wp\/v2\/types\/product"}],"wp:featuredmedia":[{"embeddable":true,"href":"https:\/\/shop-staging.tippspiel-fuer-unternehmen.com\/es\/wp-json\/wp\/v2\/media\/4903"}],"wp:attachment":[{"href":"https:\/\/shop-staging.tippspiel-fuer-unternehmen.com\/es\/wp-json\/wp\/v2\/media?parent=4663"}],"wp:term":[{"taxonomy":"product_brand","embeddable":true,"href":"https:\/\/shop-staging.tippspiel-fuer-unternehmen.com\/es\/wp-json\/wp\/v2\/product_brand?post=4663"},{"taxonomy":"product_cat","embeddable":true,"href":"https:\/\/shop-staging.tippspiel-fuer-unternehmen.com\/es\/wp-json\/wp\/v2\/product_cat?post=4663"},{"taxonomy":"product_tag","embeddable":true,"href":"https:\/\/shop-staging.tippspiel-fuer-unternehmen.com\/es\/wp-json\/wp\/v2\/product_tag?post=4663"}],"curies":[{"name":"wp","href":"https:\/\/api.w.org\/{rel}","templated":true}]}}