{"id":4660,"date":"2026-01-27T12:55:42","date_gmt":"2026-01-27T12:55:42","guid":{"rendered":"https:\/\/tippspiel-fuer-unternehmen.com\/?post_type=product&#038;p=4660"},"modified":"2026-02-09T07:39:22","modified_gmt":"2026-02-09T07:39:22","slug":"argent-copy","status":"publish","type":"product","link":"https:\/\/shop-staging.tippspiel-fuer-unternehmen.com\/fr\/shop-overview\/argent-copy\/","title":{"rendered":"Basic"},"content":{"rendered":"<p><strong>Fonctionnalit\u00e9s du package :<\/strong><\/p>\n<ul class=\"elementor-price-table__features-list\">\n<li class=\"elementor-repeater-item-e984239\">\n<div class=\"elementor-price-table__feature-inner\">\n<section class=\"elementor-repeater-item-9aa8ed5 wpr-pricing-table-item wpr-pricing-table-feature\">\n<div class=\"wpr-pricing-table-feature-inner\"><span class=\"wpr-pricing-table-feature-text wpr-pricing-table-ftext-line-\">cr\u00e9ation automatique d&#8217;un compte via un formulaire<\/span><\/div>\n<\/section>\n<\/div>\n<\/li>\n<li class=\"elementor-repeater-item-e984239\">\n<div class=\"elementor-price-table__feature-inner\"><span class=\"wpr-pricing-table-feature-text wpr-pricing-table-ftext-line-\">Interface utilisateur optimis\u00e9e pour les ordinateurs de bureau, les tablettes et les smartphones<\/span><\/div>\n<\/li>\n<li class=\"elementor-repeater-item-e984239\">\n<div class=\"elementor-price-table__feature-inner\">D\u00e9ploiement en tant que sous-domaine et iFrame<\/div>\n<\/li>\n<li class=\"elementor-repeater-item-e984239\">\n<div class=\"elementor-price-table__feature-inner\">Conception personnalis\u00e9e<\/div>\n<\/li>\n<li class=\"elementor-repeater-item-e984239\">\n<div class=\"elementor-price-table__feature-inner\">Support via l&#8217;outil de service client<\/div>\n<\/li>\n<li class=\"elementor-repeater-item-e984239\">\n<div class=\"elementor-price-table__feature-inner\">Protection contre les fausses inscriptions avec captcha<\/div>\n<\/li>\n<li class=\"elementor-repeater-item-e984239\">\n<div class=\"elementor-price-table__feature-inner\">Code QR du jeu de pronostics pour partager le lien de participation<\/div>\n<\/li>\n<li class=\"elementor-repeater-item-e984239\">\n<div class=\"elementor-price-table__feature-inner\">Langues : DE, EN, FR, IT, ES, PT, NL, DK, TR, PL, UK, RO, BG, GR, HU, CZ, SK, SE<\/div>\n<\/li>\n<li><span class=\"elementor-icon-list-text\">Possibilit\u00e9 d&#8217;activer le consentement \u00e0 l&#8217;utilisation des donn\u00e9es des participants \u00e0 des fins publicitaires<\/span><\/li>\n<li><span class=\"elementor-icon-list-text\">Scores en direct<\/span><\/li>\n<li><span class=\"elementor-icon-list-text\">Les administrateurs peuvent modifier les textes des e-mails sur demande et se faire envoyer les modifications.<\/span><\/li>\n<li class=\"elementor-repeater-item-e984239\">\n<div class=\"elementor-price-table__feature-inner\">jusqu&#8217;\u00e0 2.500 participants<\/div>\n<\/li>\n<\/ul>\n<div class=\"elementor-price-table__feature-inner\"><\/div>\n","protected":false},"excerpt":{"rendered":"<p>Le Jeu de pronostics pour les entreprises Paquet de base (Externe)<\/p>\n","protected":false},"featured_media":4900,"template":"","meta":{"_acf_changed":false},"product_brand":[],"product_cat":[154],"product_tag":[],"class_list":{"0":"post-4660","1":"product","2":"type-product","3":"status-publish","4":"has-post-thumbnail","6":"product_cat-jeu-de-pronostics-pour-la-generation-de-leads","8":"first","9":"instock","10":"virtual","11":"sold-individually","12":"taxable","13":"purchasable","14":"product-type-simple"},"acf":[],"yoast_head":"<!-- This site is optimized with the Yoast SEO Premium plugin v27.1 (Yoast SEO v27.3) - https:\/\/yoast.com\/product\/yoast-seo-premium-wordpress\/ -->\n<title>Basic - Tippspiel f\u00fcr Unternehmen<\/title>\n<meta name=\"description\" content=\"Alle Funktionen des Bronzepakets zzgl.:Zus\u00e4tzliche Sprachen: TR, PL, UK, RO, BG, GR, HU, CZ, SKSingle Sign On (SSO) mittels Microsoft Entra..\" \/>\n<meta name=\"robots\" content=\"noindex, follow, max-snippet:-1, max-image-preview:large, max-video-preview:-1\" \/>\n<meta property=\"og:locale\" content=\"fr_FR\" \/>\n<meta property=\"og:type\" content=\"article\" \/>\n<meta property=\"og:title\" content=\"Basic\" \/>\n<meta property=\"og:description\" content=\"Alle Funktionen des Bronzepakets zzgl.:Zus\u00e4tzliche Sprachen: TR, PL, UK, RO, BG, GR, HU, CZ, SKSingle Sign On (SSO) mittels Microsoft Entra..\" \/>\n<meta property=\"og:url\" content=\"https:\/\/shop-staging.tippspiel-fuer-unternehmen.com\/fr\/shop-overview\/argent-copy\/\" \/>\n<meta property=\"og:site_name\" content=\"Tippspiel f\u00fcr Unternehmen\" \/>\n<meta property=\"article:modified_time\" content=\"2026-02-09T07:39:22+00:00\" \/>\n<meta property=\"og:image\" content=\"https:\/\/shop-staging.tippspiel-fuer-unternehmen.com\/wp-content\/uploads\/2026\/01\/Produktbild_Basic.webp\" \/>\n\t<meta property=\"og:image:width\" content=\"1000\" \/>\n\t<meta property=\"og:image:height\" content=\"1000\" \/>\n\t<meta property=\"og:image:type\" content=\"image\/webp\" \/>\n<meta name=\"twitter:card\" content=\"summary_large_image\" \/>\n<meta name=\"twitter:label1\" content=\"Dur\u00e9e de lecture estim\u00e9e\" \/>\n\t<meta name=\"twitter:data1\" content=\"1 minute\" \/>\n<script type=\"application\/ld+json\" class=\"yoast-schema-graph\">{\"@context\":\"https:\\\/\\\/schema.org\",\"@graph\":[{\"@type\":\"WebPage\",\"@id\":\"https:\\\/\\\/shop-staging.tippspiel-fuer-unternehmen.com\\\/fr\\\/shop-overview\\\/argent-copy\\\/\",\"url\":\"https:\\\/\\\/shop-staging.tippspiel-fuer-unternehmen.com\\\/fr\\\/shop-overview\\\/argent-copy\\\/\",\"name\":\"Basic - Tippspiel f\u00fcr Unternehmen\",\"isPartOf\":{\"@id\":\"https:\\\/\\\/shop-staging.tippspiel-fuer-unternehmen.com\\\/#website\"},\"primaryImageOfPage\":{\"@id\":\"https:\\\/\\\/shop-staging.tippspiel-fuer-unternehmen.com\\\/fr\\\/shop-overview\\\/argent-copy\\\/#primaryimage\"},\"image\":{\"@id\":\"https:\\\/\\\/shop-staging.tippspiel-fuer-unternehmen.com\\\/fr\\\/shop-overview\\\/argent-copy\\\/#primaryimage\"},\"thumbnailUrl\":\"https:\\\/\\\/shop-staging.tippspiel-fuer-unternehmen.com\\\/wp-content\\\/uploads\\\/2026\\\/01\\\/Produktbild_Basic.webp\",\"datePublished\":\"2026-01-27T12:55:42+00:00\",\"dateModified\":\"2026-02-09T07:39:22+00:00\",\"description\":\"Alle Funktionen des Bronzepakets zzgl.:Zus\u00e4tzliche Sprachen: TR, PL, UK, RO, BG, GR, HU, CZ, SKSingle Sign On (SSO) mittels Microsoft Entra..\",\"breadcrumb\":{\"@id\":\"https:\\\/\\\/shop-staging.tippspiel-fuer-unternehmen.com\\\/fr\\\/shop-overview\\\/argent-copy\\\/#breadcrumb\"},\"inLanguage\":\"fr-FR\",\"potentialAction\":[{\"@type\":\"ReadAction\",\"target\":[\"https:\\\/\\\/shop-staging.tippspiel-fuer-unternehmen.com\\\/fr\\\/shop-overview\\\/argent-copy\\\/\"]}]},{\"@type\":\"ImageObject\",\"inLanguage\":\"fr-FR\",\"@id\":\"https:\\\/\\\/shop-staging.tippspiel-fuer-unternehmen.com\\\/fr\\\/shop-overview\\\/argent-copy\\\/#primaryimage\",\"url\":\"https:\\\/\\\/shop-staging.tippspiel-fuer-unternehmen.com\\\/wp-content\\\/uploads\\\/2026\\\/01\\\/Produktbild_Basic.webp\",\"contentUrl\":\"https:\\\/\\\/shop-staging.tippspiel-fuer-unternehmen.com\\\/wp-content\\\/uploads\\\/2026\\\/01\\\/Produktbild_Basic.webp\",\"width\":1000,\"height\":1000,\"caption\":\"produktbild basic\"},{\"@type\":\"BreadcrumbList\",\"@id\":\"https:\\\/\\\/shop-staging.tippspiel-fuer-unternehmen.com\\\/fr\\\/shop-overview\\\/argent-copy\\\/#breadcrumb\",\"itemListElement\":[{\"@type\":\"ListItem\",\"position\":1,\"name\":\"Startseite\",\"item\":\"https:\\\/\\\/shop-staging.tippspiel-fuer-unternehmen.com\\\/fr\\\/jeu-de-pronostics-pour-les-entreprises-coupe-du-monde-2026\\\/\"},{\"@type\":\"ListItem\",\"position\":2,\"name\":\"Aper\u00e7u de la boutique\",\"item\":\"https:\\\/\\\/shop-staging.tippspiel-fuer-unternehmen.com\\\/fr\\\/?page_id=5094\"},{\"@type\":\"ListItem\",\"position\":3,\"name\":\"Basic\"}]},{\"@type\":\"WebSite\",\"@id\":\"https:\\\/\\\/shop-staging.tippspiel-fuer-unternehmen.com\\\/#website\",\"url\":\"https:\\\/\\\/shop-staging.tippspiel-fuer-unternehmen.com\\\/\",\"name\":\"Tippspiel f\u00fcr Unternehmen\",\"description\":\"\",\"publisher\":{\"@id\":\"https:\\\/\\\/shop-staging.tippspiel-fuer-unternehmen.com\\\/#organization\"},\"alternateName\":\"Unternehmens-Tippspiel\",\"potentialAction\":[{\"@type\":\"SearchAction\",\"target\":{\"@type\":\"EntryPoint\",\"urlTemplate\":\"https:\\\/\\\/shop-staging.tippspiel-fuer-unternehmen.com\\\/?s={search_term_string}\"},\"query-input\":{\"@type\":\"PropertyValueSpecification\",\"valueRequired\":true,\"valueName\":\"search_term_string\"}}],\"inLanguage\":\"fr-FR\"},{\"@type\":\"Organization\",\"@id\":\"https:\\\/\\\/shop-staging.tippspiel-fuer-unternehmen.com\\\/#organization\",\"name\":\"Tippspiel f\u00fcr Unternehmen\",\"url\":\"https:\\\/\\\/shop-staging.tippspiel-fuer-unternehmen.com\\\/\",\"logo\":{\"@type\":\"ImageObject\",\"inLanguage\":\"fr-FR\",\"@id\":\"https:\\\/\\\/shop-staging.tippspiel-fuer-unternehmen.com\\\/#\\\/schema\\\/logo\\\/image\\\/\",\"url\":\"https:\\\/\\\/shop-staging.tippspiel-fuer-unternehmen.com\\\/wp-content\\\/uploads\\\/2022\\\/08\\\/993167DA-79E2-4C48-8F02-C9498D0CD337_4_5005_c.jpeg\",\"contentUrl\":\"https:\\\/\\\/shop-staging.tippspiel-fuer-unternehmen.com\\\/wp-content\\\/uploads\\\/2022\\\/08\\\/993167DA-79E2-4C48-8F02-C9498D0CD337_4_5005_c.jpeg\",\"width\":82,\"height\":92,\"caption\":\"Tippspiel f\u00fcr Unternehmen\"},\"image\":{\"@id\":\"https:\\\/\\\/shop-staging.tippspiel-fuer-unternehmen.com\\\/#\\\/schema\\\/logo\\\/image\\\/\"}}]}<\/script>\n<!-- \/ Yoast SEO Premium plugin. -->","yoast_head_json":{"title":"Basic - Tippspiel f\u00fcr Unternehmen","description":"Alle Funktionen des Bronzepakets zzgl.:Zus\u00e4tzliche Sprachen: TR, PL, UK, RO, BG, GR, HU, CZ, SKSingle Sign On (SSO) mittels Microsoft Entra..","robots":{"index":"noindex","follow":"follow","max-snippet":"max-snippet:-1","max-image-preview":"max-image-preview:large","max-video-preview":"max-video-preview:-1"},"og_locale":"fr_FR","og_type":"article","og_title":"Basic","og_description":"Alle Funktionen des Bronzepakets zzgl.:Zus\u00e4tzliche Sprachen: TR, PL, UK, RO, BG, GR, HU, CZ, SKSingle Sign On (SSO) mittels Microsoft Entra..","og_url":"https:\/\/shop-staging.tippspiel-fuer-unternehmen.com\/fr\/shop-overview\/argent-copy\/","og_site_name":"Tippspiel f\u00fcr Unternehmen","article_modified_time":"2026-02-09T07:39:22+00:00","og_image":[{"width":1000,"height":1000,"url":"https:\/\/shop-staging.tippspiel-fuer-unternehmen.com\/wp-content\/uploads\/2026\/01\/Produktbild_Basic.webp","type":"image\/webp"}],"twitter_card":"summary_large_image","twitter_misc":{"Dur\u00e9e de lecture estim\u00e9e":"1 minute"},"schema":{"@context":"https:\/\/schema.org","@graph":[{"@type":"WebPage","@id":"https:\/\/shop-staging.tippspiel-fuer-unternehmen.com\/fr\/shop-overview\/argent-copy\/","url":"https:\/\/shop-staging.tippspiel-fuer-unternehmen.com\/fr\/shop-overview\/argent-copy\/","name":"Basic - Tippspiel f\u00fcr Unternehmen","isPartOf":{"@id":"https:\/\/shop-staging.tippspiel-fuer-unternehmen.com\/#website"},"primaryImageOfPage":{"@id":"https:\/\/shop-staging.tippspiel-fuer-unternehmen.com\/fr\/shop-overview\/argent-copy\/#primaryimage"},"image":{"@id":"https:\/\/shop-staging.tippspiel-fuer-unternehmen.com\/fr\/shop-overview\/argent-copy\/#primaryimage"},"thumbnailUrl":"https:\/\/shop-staging.tippspiel-fuer-unternehmen.com\/wp-content\/uploads\/2026\/01\/Produktbild_Basic.webp","datePublished":"2026-01-27T12:55:42+00:00","dateModified":"2026-02-09T07:39:22+00:00","description":"Alle Funktionen des Bronzepakets zzgl.:Zus\u00e4tzliche Sprachen: TR, PL, UK, RO, BG, GR, HU, CZ, SKSingle Sign On (SSO) mittels Microsoft Entra..","breadcrumb":{"@id":"https:\/\/shop-staging.tippspiel-fuer-unternehmen.com\/fr\/shop-overview\/argent-copy\/#breadcrumb"},"inLanguage":"fr-FR","potentialAction":[{"@type":"ReadAction","target":["https:\/\/shop-staging.tippspiel-fuer-unternehmen.com\/fr\/shop-overview\/argent-copy\/"]}]},{"@type":"ImageObject","inLanguage":"fr-FR","@id":"https:\/\/shop-staging.tippspiel-fuer-unternehmen.com\/fr\/shop-overview\/argent-copy\/#primaryimage","url":"https:\/\/shop-staging.tippspiel-fuer-unternehmen.com\/wp-content\/uploads\/2026\/01\/Produktbild_Basic.webp","contentUrl":"https:\/\/shop-staging.tippspiel-fuer-unternehmen.com\/wp-content\/uploads\/2026\/01\/Produktbild_Basic.webp","width":1000,"height":1000,"caption":"produktbild basic"},{"@type":"BreadcrumbList","@id":"https:\/\/shop-staging.tippspiel-fuer-unternehmen.com\/fr\/shop-overview\/argent-copy\/#breadcrumb","itemListElement":[{"@type":"ListItem","position":1,"name":"Startseite","item":"https:\/\/shop-staging.tippspiel-fuer-unternehmen.com\/fr\/jeu-de-pronostics-pour-les-entreprises-coupe-du-monde-2026\/"},{"@type":"ListItem","position":2,"name":"Aper\u00e7u de la boutique","item":"https:\/\/shop-staging.tippspiel-fuer-unternehmen.com\/fr\/?page_id=5094"},{"@type":"ListItem","position":3,"name":"Basic"}]},{"@type":"WebSite","@id":"https:\/\/shop-staging.tippspiel-fuer-unternehmen.com\/#website","url":"https:\/\/shop-staging.tippspiel-fuer-unternehmen.com\/","name":"Tippspiel f\u00fcr Unternehmen","description":"","publisher":{"@id":"https:\/\/shop-staging.tippspiel-fuer-unternehmen.com\/#organization"},"alternateName":"Unternehmens-Tippspiel","potentialAction":[{"@type":"SearchAction","target":{"@type":"EntryPoint","urlTemplate":"https:\/\/shop-staging.tippspiel-fuer-unternehmen.com\/?s={search_term_string}"},"query-input":{"@type":"PropertyValueSpecification","valueRequired":true,"valueName":"search_term_string"}}],"inLanguage":"fr-FR"},{"@type":"Organization","@id":"https:\/\/shop-staging.tippspiel-fuer-unternehmen.com\/#organization","name":"Tippspiel f\u00fcr Unternehmen","url":"https:\/\/shop-staging.tippspiel-fuer-unternehmen.com\/","logo":{"@type":"ImageObject","inLanguage":"fr-FR","@id":"https:\/\/shop-staging.tippspiel-fuer-unternehmen.com\/#\/schema\/logo\/image\/","url":"https:\/\/shop-staging.tippspiel-fuer-unternehmen.com\/wp-content\/uploads\/2022\/08\/993167DA-79E2-4C48-8F02-C9498D0CD337_4_5005_c.jpeg","contentUrl":"https:\/\/shop-staging.tippspiel-fuer-unternehmen.com\/wp-content\/uploads\/2022\/08\/993167DA-79E2-4C48-8F02-C9498D0CD337_4_5005_c.jpeg","width":82,"height":92,"caption":"Tippspiel f\u00fcr Unternehmen"},"image":{"@id":"https:\/\/shop-staging.tippspiel-fuer-unternehmen.com\/#\/schema\/logo\/image\/"}}]}},"_links":{"self":[{"href":"https:\/\/shop-staging.tippspiel-fuer-unternehmen.com\/fr\/wp-json\/wp\/v2\/product\/4660","targetHints":{"allow":["GET"]}}],"collection":[{"href":"https:\/\/shop-staging.tippspiel-fuer-unternehmen.com\/fr\/wp-json\/wp\/v2\/product"}],"about":[{"href":"https:\/\/shop-staging.tippspiel-fuer-unternehmen.com\/fr\/wp-json\/wp\/v2\/types\/product"}],"wp:featuredmedia":[{"embeddable":true,"href":"https:\/\/shop-staging.tippspiel-fuer-unternehmen.com\/fr\/wp-json\/wp\/v2\/media\/4900"}],"wp:attachment":[{"href":"https:\/\/shop-staging.tippspiel-fuer-unternehmen.com\/fr\/wp-json\/wp\/v2\/media?parent=4660"}],"wp:term":[{"taxonomy":"product_brand","embeddable":true,"href":"https:\/\/shop-staging.tippspiel-fuer-unternehmen.com\/fr\/wp-json\/wp\/v2\/product_brand?post=4660"},{"taxonomy":"product_cat","embeddable":true,"href":"https:\/\/shop-staging.tippspiel-fuer-unternehmen.com\/fr\/wp-json\/wp\/v2\/product_cat?post=4660"},{"taxonomy":"product_tag","embeddable":true,"href":"https:\/\/shop-staging.tippspiel-fuer-unternehmen.com\/fr\/wp-json\/wp\/v2\/product_tag?post=4660"}],"curies":[{"name":"wp","href":"https:\/\/api.w.org\/{rel}","templated":true}]}}