{"id":4035,"date":"2025-04-25T11:04:42","date_gmt":"2025-04-25T11:04:42","guid":{"rendered":"https:\/\/tippspiel-fuer-unternehmen.com\/produkt\/bronzo\/"},"modified":"2026-02-09T07:38:51","modified_gmt":"2026-02-09T07:38:51","slug":"bronzo","status":"publish","type":"product","link":"https:\/\/shop-staging.tippspiel-fuer-unternehmen.com\/it\/shop-overview\/bronzo\/","title":{"rendered":"Bronzo"},"content":{"rendered":"<p><strong style=\"font-size: 28px;\">Ambito funzionale del pacchetto:<\/strong><\/p>\n<section class=\"elementor-repeater-item-9aa8ed5 wpr-pricing-table-item wpr-pricing-table-feature\">\n<div class=\"wpr-pricing-table-feature-inner\"><span class=\"wpr-pricing-table-feature-text wpr-pricing-table-ftext-line-\">Tutte le funzioni del pacchetto rame pi\u00f9:<\/span><\/div>\n<\/section>\n<ul class=\"elementor-price-table__features-list\">\n<li class=\"elementor-repeater-item-37c685f\">\n<div class=\"elementor-price-table__feature-inner\">\n<section class=\"elementor-repeater-item-e42ec2f wpr-pricing-table-item wpr-pricing-table-feature\">\n<div class=\"wpr-pricing-table-feature-inner\"><span class=\"wpr-pricing-table-feature-text wpr-pricing-table-ftext-line-\">Lingua aggiuntiva: FR, IT, ES, PT <\/span><\/div>\n<\/section>\n<\/div>\n<\/li>\n<li class=\"elementor-repeater-item-de895ae\">\n<div class=\"elementor-price-table__feature-inner\">Punteggi in diretta<\/div>\n<\/li>\n<li class=\"elementor-repeater-item-9768f57\">\n<div class=\"elementor-price-table__feature-inner\">Possibilit\u00e0 di personalizzare i testi delle email di benvenuto<\/div>\n<\/li>\n<li class=\"elementor-repeater-item-300c198\">\n<div class=\"elementor-price-table__feature-inner\">Gli amministratori possono personalizzare i testi delle email su richiesta e farsi inviare le modifiche.<\/div>\n<\/li>\n<li class=\"elementor-repeater-item-0abaf6f\">\n<div class=\"elementor-price-table__feature-inner\">fino a 250 partecipanti<\/div>\n<\/li>\n<\/ul>\n","protected":false},"excerpt":{"rendered":"<p>Il gioco a pronostici per aziende Pacchetto bronzo<\/p>\n","protected":false},"featured_media":4723,"template":"","meta":{"_acf_changed":false},"product_brand":[],"product_cat":[159],"product_tag":[],"class_list":{"0":"post-4035","1":"product","2":"type-product","3":"status-publish","4":"has-post-thumbnail","6":"product_cat-gioco-di-previsione-per-dipendenti-e-partner-commerciali","8":"first","9":"instock","10":"virtual","11":"sold-individually","12":"taxable","13":"purchasable","14":"product-type-simple"},"acf":[],"yoast_head":"<!-- This site is optimized with the Yoast SEO Premium plugin v27.1 (Yoast SEO v27.3) - https:\/\/yoast.com\/product\/yoast-seo-premium-wordpress\/ -->\n<title>Bronzo - Tippspiel f\u00fcr Unternehmen<\/title>\n<meta name=\"description\" content=\"Funktionsumfang des Paketes:Alle Funktionen des Kupferpakets zzgl.:Zus\u00e4tzl. Sprache: FR, IT, ES, PT, Live Spielst\u00e4ndeIndividuelle Texte f\u00fcr Beg\u00fc\u00dfungsmail..\" \/>\n<meta name=\"robots\" content=\"noindex, follow, max-snippet:-1, max-image-preview:large, max-video-preview:-1\" \/>\n<meta property=\"og:locale\" content=\"it_IT\" \/>\n<meta property=\"og:type\" content=\"article\" \/>\n<meta property=\"og:title\" content=\"Bronzo\" \/>\n<meta property=\"og:description\" content=\"Funktionsumfang des Paketes:Alle Funktionen des Kupferpakets zzgl.:Zus\u00e4tzl. Sprache: FR, IT, ES, PT, Live Spielst\u00e4ndeIndividuelle Texte f\u00fcr Beg\u00fc\u00dfungsmail..\" \/>\n<meta property=\"og:url\" content=\"https:\/\/shop-staging.tippspiel-fuer-unternehmen.com\/it\/shop-overview\/bronzo\/\" \/>\n<meta property=\"og:site_name\" content=\"Tippspiel f\u00fcr Unternehmen\" \/>\n<meta property=\"article:modified_time\" content=\"2026-02-09T07:38:51+00:00\" \/>\n<meta property=\"og:image\" content=\"https:\/\/shop-staging.tippspiel-fuer-unternehmen.com\/wp-content\/uploads\/2026\/01\/Produktbild_Platin@1x.jpg\" \/>\n\t<meta property=\"og:image:width\" content=\"1000\" \/>\n\t<meta property=\"og:image:height\" content=\"1000\" \/>\n\t<meta property=\"og:image:type\" content=\"image\/jpeg\" \/>\n<meta name=\"twitter:card\" content=\"summary_large_image\" \/>\n<script type=\"application\/ld+json\" class=\"yoast-schema-graph\">{\"@context\":\"https:\\\/\\\/schema.org\",\"@graph\":[{\"@type\":\"WebPage\",\"@id\":\"https:\\\/\\\/shop-staging.tippspiel-fuer-unternehmen.com\\\/it\\\/shop-overview\\\/bronzo\\\/\",\"url\":\"https:\\\/\\\/shop-staging.tippspiel-fuer-unternehmen.com\\\/it\\\/shop-overview\\\/bronzo\\\/\",\"name\":\"Bronzo - Tippspiel f\u00fcr Unternehmen\",\"isPartOf\":{\"@id\":\"https:\\\/\\\/shop-staging.tippspiel-fuer-unternehmen.com\\\/#website\"},\"primaryImageOfPage\":{\"@id\":\"https:\\\/\\\/shop-staging.tippspiel-fuer-unternehmen.com\\\/it\\\/shop-overview\\\/bronzo\\\/#primaryimage\"},\"image\":{\"@id\":\"https:\\\/\\\/shop-staging.tippspiel-fuer-unternehmen.com\\\/it\\\/shop-overview\\\/bronzo\\\/#primaryimage\"},\"thumbnailUrl\":\"https:\\\/\\\/shop-staging.tippspiel-fuer-unternehmen.com\\\/wp-content\\\/uploads\\\/2026\\\/01\\\/Produktbild_Platin@1x.jpg\",\"datePublished\":\"2025-04-25T11:04:42+00:00\",\"dateModified\":\"2026-02-09T07:38:51+00:00\",\"description\":\"Funktionsumfang des Paketes:Alle Funktionen des Kupferpakets zzgl.:Zus\u00e4tzl. Sprache: FR, IT, ES, PT, Live Spielst\u00e4ndeIndividuelle Texte f\u00fcr Beg\u00fc\u00dfungsmail..\",\"breadcrumb\":{\"@id\":\"https:\\\/\\\/shop-staging.tippspiel-fuer-unternehmen.com\\\/it\\\/shop-overview\\\/bronzo\\\/#breadcrumb\"},\"inLanguage\":\"it-IT\",\"potentialAction\":[{\"@type\":\"ReadAction\",\"target\":[\"https:\\\/\\\/shop-staging.tippspiel-fuer-unternehmen.com\\\/it\\\/shop-overview\\\/bronzo\\\/\"]}]},{\"@type\":\"ImageObject\",\"inLanguage\":\"it-IT\",\"@id\":\"https:\\\/\\\/shop-staging.tippspiel-fuer-unternehmen.com\\\/it\\\/shop-overview\\\/bronzo\\\/#primaryimage\",\"url\":\"https:\\\/\\\/shop-staging.tippspiel-fuer-unternehmen.com\\\/wp-content\\\/uploads\\\/2026\\\/01\\\/Produktbild_Platin@1x.jpg\",\"contentUrl\":\"https:\\\/\\\/shop-staging.tippspiel-fuer-unternehmen.com\\\/wp-content\\\/uploads\\\/2026\\\/01\\\/Produktbild_Platin@1x.jpg\",\"width\":1000,\"height\":1000,\"caption\":\"Produktbild Platin\"},{\"@type\":\"BreadcrumbList\",\"@id\":\"https:\\\/\\\/shop-staging.tippspiel-fuer-unternehmen.com\\\/it\\\/shop-overview\\\/bronzo\\\/#breadcrumb\",\"itemListElement\":[{\"@type\":\"ListItem\",\"position\":1,\"name\":\"Startseite\",\"item\":\"https:\\\/\\\/shop-staging.tippspiel-fuer-unternehmen.com\\\/it\\\/gioco-a-pronostici-per-aziende-ci-vediamo-nel-2026\\\/\"},{\"@type\":\"ListItem\",\"position\":2,\"name\":\"Panoramica del negozio\",\"item\":\"https:\\\/\\\/shop-staging.tippspiel-fuer-unternehmen.com\\\/it\\\/?page_id=5088\"},{\"@type\":\"ListItem\",\"position\":3,\"name\":\"Bronzo\"}]},{\"@type\":\"WebSite\",\"@id\":\"https:\\\/\\\/shop-staging.tippspiel-fuer-unternehmen.com\\\/#website\",\"url\":\"https:\\\/\\\/shop-staging.tippspiel-fuer-unternehmen.com\\\/\",\"name\":\"Tippspiel f\u00fcr Unternehmen\",\"description\":\"\",\"publisher\":{\"@id\":\"https:\\\/\\\/shop-staging.tippspiel-fuer-unternehmen.com\\\/#organization\"},\"alternateName\":\"Unternehmens-Tippspiel\",\"potentialAction\":[{\"@type\":\"SearchAction\",\"target\":{\"@type\":\"EntryPoint\",\"urlTemplate\":\"https:\\\/\\\/shop-staging.tippspiel-fuer-unternehmen.com\\\/?s={search_term_string}\"},\"query-input\":{\"@type\":\"PropertyValueSpecification\",\"valueRequired\":true,\"valueName\":\"search_term_string\"}}],\"inLanguage\":\"it-IT\"},{\"@type\":\"Organization\",\"@id\":\"https:\\\/\\\/shop-staging.tippspiel-fuer-unternehmen.com\\\/#organization\",\"name\":\"Tippspiel f\u00fcr Unternehmen\",\"url\":\"https:\\\/\\\/shop-staging.tippspiel-fuer-unternehmen.com\\\/\",\"logo\":{\"@type\":\"ImageObject\",\"inLanguage\":\"it-IT\",\"@id\":\"https:\\\/\\\/shop-staging.tippspiel-fuer-unternehmen.com\\\/#\\\/schema\\\/logo\\\/image\\\/\",\"url\":\"https:\\\/\\\/shop-staging.tippspiel-fuer-unternehmen.com\\\/wp-content\\\/uploads\\\/2022\\\/08\\\/993167DA-79E2-4C48-8F02-C9498D0CD337_4_5005_c.jpeg\",\"contentUrl\":\"https:\\\/\\\/shop-staging.tippspiel-fuer-unternehmen.com\\\/wp-content\\\/uploads\\\/2022\\\/08\\\/993167DA-79E2-4C48-8F02-C9498D0CD337_4_5005_c.jpeg\",\"width\":82,\"height\":92,\"caption\":\"Tippspiel f\u00fcr Unternehmen\"},\"image\":{\"@id\":\"https:\\\/\\\/shop-staging.tippspiel-fuer-unternehmen.com\\\/#\\\/schema\\\/logo\\\/image\\\/\"}}]}<\/script>\n<!-- \/ Yoast SEO Premium plugin. -->","yoast_head_json":{"title":"Bronzo - Tippspiel f\u00fcr Unternehmen","description":"Funktionsumfang des Paketes:Alle Funktionen des Kupferpakets zzgl.:Zus\u00e4tzl. Sprache: FR, IT, ES, PT, Live Spielst\u00e4ndeIndividuelle Texte f\u00fcr Beg\u00fc\u00dfungsmail..","robots":{"index":"noindex","follow":"follow","max-snippet":"max-snippet:-1","max-image-preview":"max-image-preview:large","max-video-preview":"max-video-preview:-1"},"og_locale":"it_IT","og_type":"article","og_title":"Bronzo","og_description":"Funktionsumfang des Paketes:Alle Funktionen des Kupferpakets zzgl.:Zus\u00e4tzl. Sprache: FR, IT, ES, PT, Live Spielst\u00e4ndeIndividuelle Texte f\u00fcr Beg\u00fc\u00dfungsmail..","og_url":"https:\/\/shop-staging.tippspiel-fuer-unternehmen.com\/it\/shop-overview\/bronzo\/","og_site_name":"Tippspiel f\u00fcr Unternehmen","article_modified_time":"2026-02-09T07:38:51+00:00","og_image":[{"width":1000,"height":1000,"url":"https:\/\/shop-staging.tippspiel-fuer-unternehmen.com\/wp-content\/uploads\/2026\/01\/Produktbild_Platin@1x.jpg","type":"image\/jpeg"}],"twitter_card":"summary_large_image","schema":{"@context":"https:\/\/schema.org","@graph":[{"@type":"WebPage","@id":"https:\/\/shop-staging.tippspiel-fuer-unternehmen.com\/it\/shop-overview\/bronzo\/","url":"https:\/\/shop-staging.tippspiel-fuer-unternehmen.com\/it\/shop-overview\/bronzo\/","name":"Bronzo - Tippspiel f\u00fcr Unternehmen","isPartOf":{"@id":"https:\/\/shop-staging.tippspiel-fuer-unternehmen.com\/#website"},"primaryImageOfPage":{"@id":"https:\/\/shop-staging.tippspiel-fuer-unternehmen.com\/it\/shop-overview\/bronzo\/#primaryimage"},"image":{"@id":"https:\/\/shop-staging.tippspiel-fuer-unternehmen.com\/it\/shop-overview\/bronzo\/#primaryimage"},"thumbnailUrl":"https:\/\/shop-staging.tippspiel-fuer-unternehmen.com\/wp-content\/uploads\/2026\/01\/Produktbild_Platin@1x.jpg","datePublished":"2025-04-25T11:04:42+00:00","dateModified":"2026-02-09T07:38:51+00:00","description":"Funktionsumfang des Paketes:Alle Funktionen des Kupferpakets zzgl.:Zus\u00e4tzl. Sprache: FR, IT, ES, PT, Live Spielst\u00e4ndeIndividuelle Texte f\u00fcr Beg\u00fc\u00dfungsmail..","breadcrumb":{"@id":"https:\/\/shop-staging.tippspiel-fuer-unternehmen.com\/it\/shop-overview\/bronzo\/#breadcrumb"},"inLanguage":"it-IT","potentialAction":[{"@type":"ReadAction","target":["https:\/\/shop-staging.tippspiel-fuer-unternehmen.com\/it\/shop-overview\/bronzo\/"]}]},{"@type":"ImageObject","inLanguage":"it-IT","@id":"https:\/\/shop-staging.tippspiel-fuer-unternehmen.com\/it\/shop-overview\/bronzo\/#primaryimage","url":"https:\/\/shop-staging.tippspiel-fuer-unternehmen.com\/wp-content\/uploads\/2026\/01\/Produktbild_Platin@1x.jpg","contentUrl":"https:\/\/shop-staging.tippspiel-fuer-unternehmen.com\/wp-content\/uploads\/2026\/01\/Produktbild_Platin@1x.jpg","width":1000,"height":1000,"caption":"Produktbild Platin"},{"@type":"BreadcrumbList","@id":"https:\/\/shop-staging.tippspiel-fuer-unternehmen.com\/it\/shop-overview\/bronzo\/#breadcrumb","itemListElement":[{"@type":"ListItem","position":1,"name":"Startseite","item":"https:\/\/shop-staging.tippspiel-fuer-unternehmen.com\/it\/gioco-a-pronostici-per-aziende-ci-vediamo-nel-2026\/"},{"@type":"ListItem","position":2,"name":"Panoramica del negozio","item":"https:\/\/shop-staging.tippspiel-fuer-unternehmen.com\/it\/?page_id=5088"},{"@type":"ListItem","position":3,"name":"Bronzo"}]},{"@type":"WebSite","@id":"https:\/\/shop-staging.tippspiel-fuer-unternehmen.com\/#website","url":"https:\/\/shop-staging.tippspiel-fuer-unternehmen.com\/","name":"Tippspiel f\u00fcr Unternehmen","description":"","publisher":{"@id":"https:\/\/shop-staging.tippspiel-fuer-unternehmen.com\/#organization"},"alternateName":"Unternehmens-Tippspiel","potentialAction":[{"@type":"SearchAction","target":{"@type":"EntryPoint","urlTemplate":"https:\/\/shop-staging.tippspiel-fuer-unternehmen.com\/?s={search_term_string}"},"query-input":{"@type":"PropertyValueSpecification","valueRequired":true,"valueName":"search_term_string"}}],"inLanguage":"it-IT"},{"@type":"Organization","@id":"https:\/\/shop-staging.tippspiel-fuer-unternehmen.com\/#organization","name":"Tippspiel f\u00fcr Unternehmen","url":"https:\/\/shop-staging.tippspiel-fuer-unternehmen.com\/","logo":{"@type":"ImageObject","inLanguage":"it-IT","@id":"https:\/\/shop-staging.tippspiel-fuer-unternehmen.com\/#\/schema\/logo\/image\/","url":"https:\/\/shop-staging.tippspiel-fuer-unternehmen.com\/wp-content\/uploads\/2022\/08\/993167DA-79E2-4C48-8F02-C9498D0CD337_4_5005_c.jpeg","contentUrl":"https:\/\/shop-staging.tippspiel-fuer-unternehmen.com\/wp-content\/uploads\/2022\/08\/993167DA-79E2-4C48-8F02-C9498D0CD337_4_5005_c.jpeg","width":82,"height":92,"caption":"Tippspiel f\u00fcr Unternehmen"},"image":{"@id":"https:\/\/shop-staging.tippspiel-fuer-unternehmen.com\/#\/schema\/logo\/image\/"}}]}},"_links":{"self":[{"href":"https:\/\/shop-staging.tippspiel-fuer-unternehmen.com\/it\/wp-json\/wp\/v2\/product\/4035","targetHints":{"allow":["GET"]}}],"collection":[{"href":"https:\/\/shop-staging.tippspiel-fuer-unternehmen.com\/it\/wp-json\/wp\/v2\/product"}],"about":[{"href":"https:\/\/shop-staging.tippspiel-fuer-unternehmen.com\/it\/wp-json\/wp\/v2\/types\/product"}],"wp:featuredmedia":[{"embeddable":true,"href":"https:\/\/shop-staging.tippspiel-fuer-unternehmen.com\/it\/wp-json\/wp\/v2\/media\/4723"}],"wp:attachment":[{"href":"https:\/\/shop-staging.tippspiel-fuer-unternehmen.com\/it\/wp-json\/wp\/v2\/media?parent=4035"}],"wp:term":[{"taxonomy":"product_brand","embeddable":true,"href":"https:\/\/shop-staging.tippspiel-fuer-unternehmen.com\/it\/wp-json\/wp\/v2\/product_brand?post=4035"},{"taxonomy":"product_cat","embeddable":true,"href":"https:\/\/shop-staging.tippspiel-fuer-unternehmen.com\/it\/wp-json\/wp\/v2\/product_cat?post=4035"},{"taxonomy":"product_tag","embeddable":true,"href":"https:\/\/shop-staging.tippspiel-fuer-unternehmen.com\/it\/wp-json\/wp\/v2\/product_tag?post=4035"}],"curies":[{"name":"wp","href":"https:\/\/api.w.org\/{rel}","templated":true}]}}